{"id":17,"date":"2017-03-13T15:02:03","date_gmt":"2017-03-13T14:02:03","guid":{"rendered":"http:\/\/osteopathe-24.fr\/?page_id=17"},"modified":"2024-11-13T10:29:55","modified_gmt":"2024-11-13T09:29:55","slug":"accueil","status":"publish","type":"page","link":"https:\/\/osteopathe-24.fr\/","title":{"rendered":""},"content":{"rendered":"<h2><img loading=\"lazy\" decoding=\"async\" class=\"wp-image-126 alignright\" src=\"http:\/\/osteopathe-24.fr\/wp-content\/uploads\/2019\/09\/IMG_3631-e1568625420824-200x300.jpg\" alt=\"\" width=\"222\" height=\"333\" srcset=\"https:\/\/osteopathe-24.fr\/wp-content\/uploads\/2019\/09\/IMG_3631-e1568625420824-200x300.jpg 200w, https:\/\/osteopathe-24.fr\/wp-content\/uploads\/2019\/09\/IMG_3631-e1568625420824-768x1152.jpg 768w, https:\/\/osteopathe-24.fr\/wp-content\/uploads\/2019\/09\/IMG_3631-e1568625420824-683x1024.jpg 683w, https:\/\/osteopathe-24.fr\/wp-content\/uploads\/2019\/09\/IMG_3631-e1568625420824-750x1125.jpg 750w\" sizes=\"auto, (max-width: 222px) 100vw, 222px\" \/><strong>David MOREAU\u00a0 <\/strong>OSTEOPATHE D.O.<\/h2>\n<h2>EYMET \/ DURAS<\/h2>\n<p>&nbsp;<\/p>\n<p>David Moreau exerce en cabinet \u00e0 la maison de sant\u00e9 d&rsquo;Eymet et au p\u00f4le de sant\u00e9 de Duras et \u00e0 Baleyssagues.<\/p>\n<p>Il prend en charge des patients \u00e0 tout \u00e2ges et moments de la vie: <span style=\"color: #303030;\"><span style=\"font-family: 'Times New Roman', serif;\"><span style=\"font-size: large;\">nourrissons, enfants, femmes enceintes, adultes, personnes \u00e2g\u00e9es, sportifs.<\/span><\/span><\/span><\/p>\n<p align=\"JUSTIFY\">Son approche est globale (structurelles, cr\u00e2nienne, fasciale, musculaire) et travail en techniques douces adapt\u00e9es \u00e0 chaque patient.<\/p>\n<p align=\"JUSTIFY\"><span style=\"color: #303030;\"><span style=\"font-family: 'Times New Roman', serif;\"><span style=\"font-size: large;\">Le praticien est dipl\u00f4m\u00e9 depuis 2013 du Coll\u00e8ge Ost\u00e9opathique de Bordeaux, \u00e9cole agr\u00e9e par le minist\u00e8re de la sant\u00e9 et reconnue pour sa formation compl\u00e8te et approfondie.\u00a0<\/span><\/span><\/span><\/p>\n<p><span style=\"color: #2f6a62;\"><span style=\"font-family: 'Times New Roman', serif;\"><span style=\"font-size: medium;\">\u00a0<\/span><\/span><\/span>Il \u00e0 continu\u00e9 sa formation en techniques tissulaires avec Pierre Tricot et en ost\u00e9opathie en biodynamie avec Bruno JOSSE.<\/p>\n","protected":false},"excerpt":{"rendered":"<p>David MOREAU\u00a0 OSTEOPATHE D.O. EYMET \/ DURAS &nbsp; David Moreau exerce en cabinet \u00e0 la maison de sant\u00e9 d&rsquo;Eymet et au p\u00f4le de sant\u00e9 de Duras et \u00e0 Baleyssagues. Il prend en charge des patients \u00e0 tout \u00e2ges et moments de la vie: nourrissons, enfants, femmes enceintes, adultes, personnes \u00e2g\u00e9es, sportifs. Son approche est globale [&hellip;]<\/p>\n","protected":false},"author":1,"featured_media":0,"parent":0,"menu_order":0,"comment_status":"closed","ping_status":"closed","template":"","meta":{"footnotes":""},"class_list":["post-17","page","type-page","status-publish","hentry"],"_links":{"self":[{"href":"https:\/\/osteopathe-24.fr\/index.php\/wp-json\/wp\/v2\/pages\/17","targetHints":{"allow":["GET"]}}],"collection":[{"href":"https:\/\/osteopathe-24.fr\/index.php\/wp-json\/wp\/v2\/pages"}],"about":[{"href":"https:\/\/osteopathe-24.fr\/index.php\/wp-json\/wp\/v2\/types\/page"}],"author":[{"embeddable":true,"href":"https:\/\/osteopathe-24.fr\/index.php\/wp-json\/wp\/v2\/users\/1"}],"replies":[{"embeddable":true,"href":"https:\/\/osteopathe-24.fr\/index.php\/wp-json\/wp\/v2\/comments?post=17"}],"version-history":[{"count":18,"href":"https:\/\/osteopathe-24.fr\/index.php\/wp-json\/wp\/v2\/pages\/17\/revisions"}],"predecessor-version":[{"id":188,"href":"https:\/\/osteopathe-24.fr\/index.php\/wp-json\/wp\/v2\/pages\/17\/revisions\/188"}],"wp:attachment":[{"href":"https:\/\/osteopathe-24.fr\/index.php\/wp-json\/wp\/v2\/media?parent=17"}],"curies":[{"name":"wp","href":"https:\/\/api.w.org\/{rel}","templated":true}]}}