{"id":19,"date":"2017-03-13T15:02:03","date_gmt":"2017-03-13T14:02:03","guid":{"rendered":"http:\/\/osteopathe-24.fr\/?page_id=19"},"modified":"2023-06-01T19:10:52","modified_gmt":"2023-06-01T17:10:52","slug":"contact","status":"publish","type":"page","link":"https:\/\/osteopathe-24.fr\/index.php\/contact\/","title":{"rendered":"Contact Cabinet Eymet"},"content":{"rendered":"<p><iframe loading=\"lazy\" style=\"border: 0;\" src=\"https:\/\/www.google.com\/maps\/embed?pb=!1m14!1m8!1m3!1d11350.453586982208!2d0.3988994!3d44.6662498!3m2!1i1024!2i768!4f13.1!3m3!1m2!1s0x0%3A0x2ed767a7a8ef1c61!2sMoreau+David!5e0!3m2!1sen!2sfr!4v1490947877132\" width=\"600\" height=\"450\" frameborder=\"0\" allowfullscreen=\"allowfullscreen\"><\/iframe><\/p>\n<p>David Moreau, ost\u00e9opathe D.O.<\/p>\n<p>Maison de Sant\u00e9 d&rsquo;Eymet<\/p>\n<p>12 rue du 6 juin 1944<\/p>\n<p>24500 Eymet<\/p>\n<p>T\u00e9l. 06.64.33.04.03<\/p>\n<p>&nbsp;<\/p>\n<p>Prendre un rendez vous \u00e0 Eymet ou Duras:<\/p>\n<p><script type=\"text\/javascript\" src=\"\/\/storage.googleapis.com\/cli-app-trs-assets-001\/lib\/clicrdv-widgets-v1\/clicrdv-widgets-min.js\"><\/script><br \/>\n<script type=\"text\/javascript\">CLICRDV.renderWidget('iframe','moreau-david',{\"size\":[550,350],\"new_user\":false});<\/script><\/p>\n","protected":false},"excerpt":{"rendered":"<p>David Moreau, ost\u00e9opathe D.O. Maison de Sant\u00e9 d&rsquo;Eymet 12 rue du 6 juin 1944 24500 Eymet T\u00e9l. 06.64.33.04.03 &nbsp; Prendre un rendez vous \u00e0 Eymet ou Duras:<\/p>\n","protected":false},"author":1,"featured_media":0,"parent":0,"menu_order":0,"comment_status":"closed","ping_status":"closed","template":"","meta":{"footnotes":""},"class_list":["post-19","page","type-page","status-publish","hentry"],"_links":{"self":[{"href":"https:\/\/osteopathe-24.fr\/index.php\/wp-json\/wp\/v2\/pages\/19","targetHints":{"allow":["GET"]}}],"collection":[{"href":"https:\/\/osteopathe-24.fr\/index.php\/wp-json\/wp\/v2\/pages"}],"about":[{"href":"https:\/\/osteopathe-24.fr\/index.php\/wp-json\/wp\/v2\/types\/page"}],"author":[{"embeddable":true,"href":"https:\/\/osteopathe-24.fr\/index.php\/wp-json\/wp\/v2\/users\/1"}],"replies":[{"embeddable":true,"href":"https:\/\/osteopathe-24.fr\/index.php\/wp-json\/wp\/v2\/comments?post=19"}],"version-history":[{"count":26,"href":"https:\/\/osteopathe-24.fr\/index.php\/wp-json\/wp\/v2\/pages\/19\/revisions"}],"predecessor-version":[{"id":184,"href":"https:\/\/osteopathe-24.fr\/index.php\/wp-json\/wp\/v2\/pages\/19\/revisions\/184"}],"wp:attachment":[{"href":"https:\/\/osteopathe-24.fr\/index.php\/wp-json\/wp\/v2\/media?parent=19"}],"curies":[{"name":"wp","href":"https:\/\/api.w.org\/{rel}","templated":true}]}}