{"id":68,"date":"2017-03-27T11:15:52","date_gmt":"2017-03-27T09:15:52","guid":{"rendered":"http:\/\/osteopathe-24.fr\/?page_id=68"},"modified":"2020-11-07T11:04:44","modified_gmt":"2020-11-07T10:04:44","slug":"une-seance","status":"publish","type":"page","link":"https:\/\/osteopathe-24.fr\/index.php\/une-seance\/","title":{"rendered":"Une s\u00e9ance"},"content":{"rendered":"<p>&nbsp;<\/p>\n<style type=\"text\/css\">\n\t<!-- @page { margin: 2cm } P { margin-bottom: 0.21cm } H3 { margin-bottom: 0.21cm } H3.cjk { font-family: \"SimSun\" } H3.ctl { font-family: \"Arial\" } --><br \/>\t<\/style>\n<p><img loading=\"lazy\" decoding=\"async\" class=\" wp-image-129 alignright\" src=\"http:\/\/osteopathe-24.fr\/wp-content\/uploads\/2019\/09\/IMG_3584-300x200.jpg\" alt=\"\" width=\"374\" height=\"249\" srcset=\"https:\/\/osteopathe-24.fr\/wp-content\/uploads\/2019\/09\/IMG_3584-300x200.jpg 300w, https:\/\/osteopathe-24.fr\/wp-content\/uploads\/2019\/09\/IMG_3584-768x512.jpg 768w, https:\/\/osteopathe-24.fr\/wp-content\/uploads\/2019\/09\/IMG_3584-1024x683.jpg 1024w, https:\/\/osteopathe-24.fr\/wp-content\/uploads\/2019\/09\/IMG_3584-750x500.jpg 750w\" sizes=\"auto, (max-width: 374px) 100vw, 374px\" \/><\/p>\n<h2 class=\"western\" align=\"JUSTIFY\"><span style=\"color: #2f6a62;\"><span style=\"font-family: 'Times New Roman', serif;\"><span style=\"font-size: medium;\"><b>Dur\u00e9e d\u2019une consultation :<\/b><\/span><\/span><\/span><\/h2>\n<p align=\"LEFT\"><span style=\"color: #314444;\"><span style=\"font-family: 'Times New Roman', serif;\"><span style=\"font-size: medium;\">1 heure la premi\u00e8re consultation,<br \/>\n45 min \u00e0 1 heure les consultations suivantes.<\/span><\/span><\/span><\/p>\n<h2 align=\"LEFT\"><span style=\"color: #2f6a62;\"><span style=\"font-family: 'Times New Roman', serif;\"><span style=\"font-size: medium;\"><b>Pi\u00e8ces \u00e0 apporter :<\/b><\/span><\/span><\/span><\/h2>\n<p align=\"LEFT\"><span style=\"color: #314444;\"><span style=\"font-family: 'Times New Roman', serif;\"><span style=\"font-size: medium;\">Tous les examens compl\u00e9mentaires dont vous disposez\u00a0:<br \/>\nLes examens biologiques,<br \/>\nles imageries m\u00e9dicales<br \/>\nles compte-rendus op\u00e9ratoires.<\/span><\/span><\/span><\/p>\n<h2 class=\"western\" align=\"LEFT\"><span style=\"color: #2f6a62;\"><span style=\"font-family: 'Times New Roman', serif;\"><span style=\"font-size: medium;\"><b>Conseils \u00e0 suivre pour une bonne efficacit\u00e9 d\u2019un traitement :<\/b><\/span><\/span><\/span><\/h2>\n<p align=\"LEFT\"><span style=\"color: #314444;\"><span style=\"font-family: 'Times New Roman', serif;\"><span style=\"font-size: medium;\">Se m\u00e9nager au maximum les 24 \u00e0 48 heures qui suivent un traitement. Ne pas pr\u00e9voir un travail trop physique pendant cette dur\u00e9e.<br \/>\nBien s\u2019hydrater.<\/span><\/span><\/span><\/p>\n<h2><span style=\"color: #2f6a62;\"><span style=\"font-family: 'Times New Roman', serif;\"><span style=\"font-size: medium;\"><b>Quel co\u00fbt pour pour vos soins ?\u00a0<\/b><\/span><\/span><\/span><\/h2>\n<p><span style=\"color: #2f6a62;\"><span style=\"font-family: 'Times New Roman', serif;\"><span style=\"font-size: medium;\">Le tarif d&rsquo;une s\u00e9ance est de 55 euros.<\/span><\/span><\/span><\/p>\n<h2><span style=\"color: #2f6a62;\"><span style=\"font-family: 'Times New Roman', serif;\"><span style=\"font-size: medium;\"><b>Le remboursement :<\/b><\/span><\/span><\/span><\/h2>\n<p><span style=\"color: #2f6a62;\"><span style=\"font-family: 'Times New Roman', serif;\"><span style=\"font-size: medium;\">L&rsquo;ost\u00e9opathie est prise en charge par les assurances compl\u00e9mentaires.<\/span><\/span><\/span><\/p>\n<p><span style=\"color: #2f6a62;\"><span style=\"font-family: 'Times New Roman', serif;\"><span style=\"font-size: medium;\">Le niveau de cette prise en charge d\u00e9pend de votre contrat d&rsquo;assurance.<\/span><\/span><\/span><\/p>\n","protected":false},"excerpt":{"rendered":"<p>&nbsp; Dur\u00e9e d\u2019une consultation : 1 heure la premi\u00e8re consultation, 45 min \u00e0 1 heure les consultations suivantes. Pi\u00e8ces \u00e0 apporter : Tous les examens compl\u00e9mentaires dont vous disposez\u00a0: Les examens biologiques, les imageries m\u00e9dicales les compte-rendus op\u00e9ratoires. Conseils \u00e0 suivre pour une bonne efficacit\u00e9 d\u2019un traitement : Se m\u00e9nager au maximum les 24 \u00e0 [&hellip;]<\/p>\n","protected":false},"author":1,"featured_media":0,"parent":0,"menu_order":0,"comment_status":"closed","ping_status":"closed","template":"","meta":{"footnotes":""},"class_list":["post-68","page","type-page","status-publish","hentry"],"_links":{"self":[{"href":"https:\/\/osteopathe-24.fr\/index.php\/wp-json\/wp\/v2\/pages\/68","targetHints":{"allow":["GET"]}}],"collection":[{"href":"https:\/\/osteopathe-24.fr\/index.php\/wp-json\/wp\/v2\/pages"}],"about":[{"href":"https:\/\/osteopathe-24.fr\/index.php\/wp-json\/wp\/v2\/types\/page"}],"author":[{"embeddable":true,"href":"https:\/\/osteopathe-24.fr\/index.php\/wp-json\/wp\/v2\/users\/1"}],"replies":[{"embeddable":true,"href":"https:\/\/osteopathe-24.fr\/index.php\/wp-json\/wp\/v2\/comments?post=68"}],"version-history":[{"count":11,"href":"https:\/\/osteopathe-24.fr\/index.php\/wp-json\/wp\/v2\/pages\/68\/revisions"}],"predecessor-version":[{"id":152,"href":"https:\/\/osteopathe-24.fr\/index.php\/wp-json\/wp\/v2\/pages\/68\/revisions\/152"}],"wp:attachment":[{"href":"https:\/\/osteopathe-24.fr\/index.php\/wp-json\/wp\/v2\/media?parent=68"}],"curies":[{"name":"wp","href":"https:\/\/api.w.org\/{rel}","templated":true}]}}